{"id":419,"date":"2015-09-09T11:52:58","date_gmt":"2015-09-09T10:52:58","guid":{"rendered":"http:\/\/menuisier-cholet.com\/?page_id=419"},"modified":"2020-04-19T11:37:21","modified_gmt":"2020-04-19T10:37:21","slug":"conseils-isolation","status":"publish","type":"page","link":"https:\/\/www.menuisier-cholet.com\/?page_id=419","title":{"rendered":"Conseils isolation"},"content":{"rendered":"<div id=\"pl-419\"  class=\"panel-layout\" ><div id=\"pg-419-0\"  class=\"panel-grid panel-no-style\" ><div id=\"pgc-419-0-0\"  class=\"panel-grid-cell\" ><div id=\"panel-419-0-0-0\" class=\"so-panel widget widget_black-studio-tinymce widget_black_studio_tinymce panel-first-child panel-last-child\" data-index=\"0\" ><div class=\"textwidget\"><p><a href=\"http:\/\/menuisier-cholet.com\/wp-content\/uploads\/2015\/09\/PageVignette-960798.jpg\"><img loading=\"lazy\" decoding=\"async\" src=\"http:\/\/menuisier-cholet.com\/wp-content\/uploads\/2015\/09\/PageVignette-960798-270x300.jpg\" alt=\"PageVignette-960798\" width=\"270\" height=\"300\" class=\"alignnone size-medium wp-image-408\" \/><\/a><\/p>\n<\/div><\/div><\/div><div id=\"pgc-419-0-1\"  class=\"panel-grid-cell\" ><div id=\"panel-419-0-1-0\" class=\"so-panel widget widget_black-studio-tinymce widget_black_studio_tinymce panel-first-child panel-last-child\" data-index=\"1\" ><h3 class=\"widget-title\">Pourquoi isoler ?<\/h3><div class=\"textwidget\"><p>Le chauffage dans la maison a un objectif unique : compenser les d\u00e9perditions \u00e9nerg\u00e9tiques de la maison. Sans d\u00e9perdition, la maison n\u2019a donc pas besoin de chauffage : c\u2019est le principe de la maison passive. Si la maison bien isol\u00e9e laisse moins, ou ne laisse plus \u00e9chapper la chaleur, alors l\u2019on a moins besoin de chauffage, voir m\u00eame plus besoin de chauffage du tout.<\/p>\n<p><a href=\"http:\/\/www.cellisol.com\/pourquoi-isoler.php\" target=\"_blank\">Cliquez pour en savoir plus !<\/a><\/p>\n<p>L\u2019on peut comparer cela \u00e0 une baignoire perc\u00e9e : <br \/>Si votre baignoire est perc\u00e9e, mais que vous voulez maintenir son niveau d\u2019eau constant, vous avez le choix :<\/p>\n<p>1. Laisser le robinet ouvert, ainsi l\u2019apport en eau constant, compense la perte d\u2019eau par les trous de la baignoire.<\/p>\n<p>2. Boucher les trous de la baignoire.<\/p>\n<p>En isolant votre maison, vous \u201cbouchez les trous de votre baignoire\u201d.... en quelque sorte.\u00a0Cela est valable pour le chauffage en hiver, et en \u00e9t\u00e9 avec la climatisation, si vous climatisez.\u00a0On voit sur le sch\u00e9ma ci-dessous que l\u2019isolation des toitures est la plus rentable et la premi\u00e8re \u00e9tape \u00e0 r\u00e9aliser car le potentiel d\u2019\u00e9conomies d\u2019\u00e9nergie est important.<\/p>\n<p><b><div style=\"padding-bottom:20px; padding-top:10px;\" class=\"hupso-share-buttons\"><!-- Hupso Share Buttons - https:\/\/www.hupso.com\/share\/ --><a class=\"hupso_toolbar\" href=\"https:\/\/www.hupso.com\/share\/\"><img decoding=\"async\" src=\"https:\/\/static.hupso.com\/share\/buttons\/lang\/fr\/share-medium.png\" style=\"border:0px; padding-top: 5px; float:left;\" alt=\"Share Button\"\/><\/a><script type=\"text\/javascript\">var hupso_services_t=new Array(\"Twitter\",\"Facebook\",\"Google Plus\",\"Email\",\"Print\");var hupso_background_t=\"#EAF4FF\";var hupso_border_t=\"#66CCFF\";var hupso_toolbar_size_t=\"medium\";var hupso_image_folder_url = \"\";var hupso_url_t=\"https:\/\/www.menuisier-cholet.com\/?page_id=419\";var hupso_title_t=\"Conseils isolation\";<\/script><script type=\"text\/javascript\" src=\"https:\/\/static.hupso.com\/share\/js\/share_toolbar.js\"><\/script><!-- Hupso Share Buttons --><\/div><\/b><\/p>\n<\/div><\/div><\/div><\/div><\/div>","protected":false},"excerpt":{"rendered":"<p>Le chauffage dans la maison a un objectif unique : compenser les d\u00e9perditions \u00e9nerg\u00e9tiques de la maison. Sans d\u00e9perdition, la maison n\u2019a donc pas besoin de chauffage : c\u2019est le principe de<a class=\"moretag\" href=\"https:\/\/www.menuisier-cholet.com\/?page_id=419\">Read More&#8230;<\/a><\/p>\n<div style=\"padding-bottom:20px; padding-top:10px;\" class=\"hupso-share-buttons\"><!-- Hupso Share Buttons - https:\/\/www.hupso.com\/share\/ --><a class=\"hupso_toolbar\" href=\"https:\/\/www.hupso.com\/share\/\"><img src=\"https:\/\/static.hupso.com\/share\/buttons\/lang\/fr\/share-medium.png\" style=\"border:0px; padding-top: 5px; float:left;\" alt=\"Share Button\"\/><\/a><script type=\"text\/javascript\">var hupso_services_t=new Array(\"Twitter\",\"Facebook\",\"Google Plus\",\"Email\",\"Print\");var hupso_background_t=\"#EAF4FF\";var hupso_border_t=\"#66CCFF\";var hupso_toolbar_size_t=\"medium\";var hupso_image_folder_url = \"\";var hupso_url_t=\"\";var hupso_title_t=\"Conseils%20isolation\";<\/script><script type=\"text\/javascript\" src=\"https:\/\/static.hupso.com\/share\/js\/share_toolbar.js\"><\/script><!-- Hupso Share Buttons --><\/div>","protected":false},"author":1,"featured_media":0,"parent":413,"menu_order":0,"comment_status":"closed","ping_status":"closed","template":"","meta":{"footnotes":""},"class_list":["post-419","page","type-page","status-publish","hentry"],"yoast_head":"<!-- This site is optimized with the Yoast SEO plugin v27.3 - https:\/\/yoast.com\/product\/yoast-seo-wordpress\/ -->\n<title>Menuiserie Service 49 \u00e0 Cholet, Bruno Richou Artisan menuisier !<\/title>\n<meta name=\"description\" content=\"Bruno Richou, artisan menuisier \u00e0 Cholet vous apporte sa comp\u00e9tence dans les domaines suivants : Isolation \u00e9cologique, cloisons s\u00e8ches, plafond suspendus, stores, volets, bardages, agencements, menuiserie, porte, store, porte de garage, fen\u00eatres alu, bois et pvc\" \/>\n<meta name=\"robots\" content=\"index, follow, max-snippet:-1, max-image-preview:large, max-video-preview:-1\" \/>\n<link rel=\"canonical\" href=\"https:\/\/www.menuisier-cholet.com\/?page_id=419\" \/>\n<meta property=\"og:locale\" content=\"fr_FR\" \/>\n<meta property=\"og:type\" content=\"article\" \/>\n<meta property=\"og:title\" content=\"Menuiserie Service 49 \u00e0 Cholet, Bruno Richou Artisan menuisier !\" \/>\n<meta property=\"og:description\" content=\"Bruno Richou, artisan menuisier \u00e0 Cholet vous apporte sa comp\u00e9tence dans les domaines suivants : Isolation \u00e9cologique, cloisons s\u00e8ches, plafond suspendus, stores, volets, bardages, agencements, menuiserie, porte, store, porte de garage, fen\u00eatres alu, bois et pvc\" \/>\n<meta property=\"og:url\" content=\"https:\/\/www.menuisier-cholet.com\/?page_id=419\" \/>\n<meta property=\"og:site_name\" content=\"Menuiserie Service 49 \u00e0 Cholet\" \/>\n<meta property=\"article:modified_time\" content=\"2020-04-19T10:37:21+00:00\" \/>\n<meta property=\"og:image\" content=\"http:\/\/menuisier-cholet.com\/wp-content\/uploads\/2015\/09\/PageVignette-960798-270x300.jpg\" \/>\n<meta name=\"twitter:card\" content=\"summary_large_image\" \/>\n<meta name=\"twitter:label1\" content=\"Dur\u00e9e de lecture estim\u00e9e\" \/>\n\t<meta name=\"twitter:data1\" content=\"1 minute\" \/>\n<script type=\"application\/ld+json\" class=\"yoast-schema-graph\">{\"@context\":\"https:\\\/\\\/schema.org\",\"@graph\":[{\"@type\":\"WebPage\",\"@id\":\"https:\\\/\\\/www.menuisier-cholet.com\\\/?page_id=419\",\"url\":\"https:\\\/\\\/www.menuisier-cholet.com\\\/?page_id=419\",\"name\":\"Menuiserie Service 49 \u00e0 Cholet, Bruno Richou Artisan menuisier !\",\"isPartOf\":{\"@id\":\"https:\\\/\\\/www.menuisier-cholet.com\\\/#website\"},\"primaryImageOfPage\":{\"@id\":\"https:\\\/\\\/www.menuisier-cholet.com\\\/?page_id=419#primaryimage\"},\"image\":{\"@id\":\"https:\\\/\\\/www.menuisier-cholet.com\\\/?page_id=419#primaryimage\"},\"thumbnailUrl\":\"http:\\\/\\\/menuisier-cholet.com\\\/wp-content\\\/uploads\\\/2015\\\/09\\\/PageVignette-960798-270x300.jpg\",\"datePublished\":\"2015-09-09T10:52:58+00:00\",\"dateModified\":\"2020-04-19T10:37:21+00:00\",\"description\":\"Bruno Richou, artisan menuisier \u00e0 Cholet vous apporte sa comp\u00e9tence dans les domaines suivants : Isolation \u00e9cologique, cloisons s\u00e8ches, plafond suspendus, stores, volets, bardages, agencements, menuiserie, porte, store, porte de garage, fen\u00eatres alu, bois et pvc\",\"breadcrumb\":{\"@id\":\"https:\\\/\\\/www.menuisier-cholet.com\\\/?page_id=419#breadcrumb\"},\"inLanguage\":\"fr-FR\",\"potentialAction\":[{\"@type\":\"ReadAction\",\"target\":[\"https:\\\/\\\/www.menuisier-cholet.com\\\/?page_id=419\"]}]},{\"@type\":\"ImageObject\",\"inLanguage\":\"fr-FR\",\"@id\":\"https:\\\/\\\/www.menuisier-cholet.com\\\/?page_id=419#primaryimage\",\"url\":\"http:\\\/\\\/menuisier-cholet.com\\\/wp-content\\\/uploads\\\/2015\\\/09\\\/PageVignette-960798-270x300.jpg\",\"contentUrl\":\"http:\\\/\\\/menuisier-cholet.com\\\/wp-content\\\/uploads\\\/2015\\\/09\\\/PageVignette-960798-270x300.jpg\"},{\"@type\":\"BreadcrumbList\",\"@id\":\"https:\\\/\\\/www.menuisier-cholet.com\\\/?page_id=419#breadcrumb\",\"itemListElement\":[{\"@type\":\"ListItem\",\"position\":1,\"name\":\"Accueil\",\"item\":\"https:\\\/\\\/www.menuisier-cholet.com\\\/\"},{\"@type\":\"ListItem\",\"position\":2,\"name\":\"Conseils\",\"item\":\"https:\\\/\\\/www.menuisier-cholet.com\\\/?page_id=413\"},{\"@type\":\"ListItem\",\"position\":3,\"name\":\"Conseils isolation\"}]},{\"@type\":\"WebSite\",\"@id\":\"https:\\\/\\\/www.menuisier-cholet.com\\\/#website\",\"url\":\"https:\\\/\\\/www.menuisier-cholet.com\\\/\",\"name\":\"Menuiserie Service 49 \u00e0 Cholet\",\"description\":\"Bruno Richou, artisan menuisier \u00e0 Cholet vous apporte sa comp\u00e9tence dans les domaines suivants : Isolation \u00e9cologique, cloisons s\u00e8ches, plafond suspendus, stores, volets, bardages, agencements, menuiserie, porte, store, porte de garage, fen\u00eatres alu, bois et pvc\",\"potentialAction\":[{\"@type\":\"SearchAction\",\"target\":{\"@type\":\"EntryPoint\",\"urlTemplate\":\"https:\\\/\\\/www.menuisier-cholet.com\\\/?s={search_term_string}\"},\"query-input\":{\"@type\":\"PropertyValueSpecification\",\"valueRequired\":true,\"valueName\":\"search_term_string\"}}],\"inLanguage\":\"fr-FR\"}]}<\/script>\n<!-- \/ Yoast SEO plugin. -->","yoast_head_json":{"title":"Menuiserie Service 49 \u00e0 Cholet, Bruno Richou Artisan menuisier !","description":"Bruno Richou, artisan menuisier \u00e0 Cholet vous apporte sa comp\u00e9tence dans les domaines suivants : Isolation \u00e9cologique, cloisons s\u00e8ches, plafond suspendus, stores, volets, bardages, agencements, menuiserie, porte, store, porte de garage, fen\u00eatres alu, bois et pvc","robots":{"index":"index","follow":"follow","max-snippet":"max-snippet:-1","max-image-preview":"max-image-preview:large","max-video-preview":"max-video-preview:-1"},"canonical":"https:\/\/www.menuisier-cholet.com\/?page_id=419","og_locale":"fr_FR","og_type":"article","og_title":"Menuiserie Service 49 \u00e0 Cholet, Bruno Richou Artisan menuisier !","og_description":"Bruno Richou, artisan menuisier \u00e0 Cholet vous apporte sa comp\u00e9tence dans les domaines suivants : Isolation \u00e9cologique, cloisons s\u00e8ches, plafond suspendus, stores, volets, bardages, agencements, menuiserie, porte, store, porte de garage, fen\u00eatres alu, bois et pvc","og_url":"https:\/\/www.menuisier-cholet.com\/?page_id=419","og_site_name":"Menuiserie Service 49 \u00e0 Cholet","article_modified_time":"2020-04-19T10:37:21+00:00","og_image":[{"url":"http:\/\/menuisier-cholet.com\/wp-content\/uploads\/2015\/09\/PageVignette-960798-270x300.jpg","type":"","width":"","height":""}],"twitter_card":"summary_large_image","twitter_misc":{"Dur\u00e9e de lecture estim\u00e9e":"1 minute"},"schema":{"@context":"https:\/\/schema.org","@graph":[{"@type":"WebPage","@id":"https:\/\/www.menuisier-cholet.com\/?page_id=419","url":"https:\/\/www.menuisier-cholet.com\/?page_id=419","name":"Menuiserie Service 49 \u00e0 Cholet, Bruno Richou Artisan menuisier !","isPartOf":{"@id":"https:\/\/www.menuisier-cholet.com\/#website"},"primaryImageOfPage":{"@id":"https:\/\/www.menuisier-cholet.com\/?page_id=419#primaryimage"},"image":{"@id":"https:\/\/www.menuisier-cholet.com\/?page_id=419#primaryimage"},"thumbnailUrl":"http:\/\/menuisier-cholet.com\/wp-content\/uploads\/2015\/09\/PageVignette-960798-270x300.jpg","datePublished":"2015-09-09T10:52:58+00:00","dateModified":"2020-04-19T10:37:21+00:00","description":"Bruno Richou, artisan menuisier \u00e0 Cholet vous apporte sa comp\u00e9tence dans les domaines suivants : Isolation \u00e9cologique, cloisons s\u00e8ches, plafond suspendus, stores, volets, bardages, agencements, menuiserie, porte, store, porte de garage, fen\u00eatres alu, bois et pvc","breadcrumb":{"@id":"https:\/\/www.menuisier-cholet.com\/?page_id=419#breadcrumb"},"inLanguage":"fr-FR","potentialAction":[{"@type":"ReadAction","target":["https:\/\/www.menuisier-cholet.com\/?page_id=419"]}]},{"@type":"ImageObject","inLanguage":"fr-FR","@id":"https:\/\/www.menuisier-cholet.com\/?page_id=419#primaryimage","url":"http:\/\/menuisier-cholet.com\/wp-content\/uploads\/2015\/09\/PageVignette-960798-270x300.jpg","contentUrl":"http:\/\/menuisier-cholet.com\/wp-content\/uploads\/2015\/09\/PageVignette-960798-270x300.jpg"},{"@type":"BreadcrumbList","@id":"https:\/\/www.menuisier-cholet.com\/?page_id=419#breadcrumb","itemListElement":[{"@type":"ListItem","position":1,"name":"Accueil","item":"https:\/\/www.menuisier-cholet.com\/"},{"@type":"ListItem","position":2,"name":"Conseils","item":"https:\/\/www.menuisier-cholet.com\/?page_id=413"},{"@type":"ListItem","position":3,"name":"Conseils isolation"}]},{"@type":"WebSite","@id":"https:\/\/www.menuisier-cholet.com\/#website","url":"https:\/\/www.menuisier-cholet.com\/","name":"Menuiserie Service 49 \u00e0 Cholet","description":"Bruno Richou, artisan menuisier \u00e0 Cholet vous apporte sa comp\u00e9tence dans les domaines suivants : Isolation \u00e9cologique, cloisons s\u00e8ches, plafond suspendus, stores, volets, bardages, agencements, menuiserie, porte, store, porte de garage, fen\u00eatres alu, bois et pvc","potentialAction":[{"@type":"SearchAction","target":{"@type":"EntryPoint","urlTemplate":"https:\/\/www.menuisier-cholet.com\/?s={search_term_string}"},"query-input":{"@type":"PropertyValueSpecification","valueRequired":true,"valueName":"search_term_string"}}],"inLanguage":"fr-FR"}]}},"_links":{"self":[{"href":"https:\/\/www.menuisier-cholet.com\/index.php?rest_route=\/wp\/v2\/pages\/419","targetHints":{"allow":["GET"]}}],"collection":[{"href":"https:\/\/www.menuisier-cholet.com\/index.php?rest_route=\/wp\/v2\/pages"}],"about":[{"href":"https:\/\/www.menuisier-cholet.com\/index.php?rest_route=\/wp\/v2\/types\/page"}],"author":[{"embeddable":true,"href":"https:\/\/www.menuisier-cholet.com\/index.php?rest_route=\/wp\/v2\/users\/1"}],"replies":[{"embeddable":true,"href":"https:\/\/www.menuisier-cholet.com\/index.php?rest_route=%2Fwp%2Fv2%2Fcomments&post=419"}],"version-history":[{"count":0,"href":"https:\/\/www.menuisier-cholet.com\/index.php?rest_route=\/wp\/v2\/pages\/419\/revisions"}],"up":[{"embeddable":true,"href":"https:\/\/www.menuisier-cholet.com\/index.php?rest_route=\/wp\/v2\/pages\/413"}],"wp:attachment":[{"href":"https:\/\/www.menuisier-cholet.com\/index.php?rest_route=%2Fwp%2Fv2%2Fmedia&parent=419"}],"curies":[{"name":"wp","href":"https:\/\/api.w.org\/{rel}","templated":true}]}}