{"id":425,"date":"2015-09-09T13:05:07","date_gmt":"2015-09-09T12:05:07","guid":{"rendered":"http:\/\/menuisier-cholet.com\/?page_id=425"},"modified":"2020-04-19T11:36:06","modified_gmt":"2020-04-19T10:36:06","slug":"conseils-fenetres","status":"publish","type":"page","link":"https:\/\/www.menuisier-cholet.com\/?page_id=425","title":{"rendered":"Conseils fen\u00eatres"},"content":{"rendered":"<div id=\"pl-425\"  class=\"panel-layout\" ><div id=\"pg-425-0\"  class=\"panel-grid panel-no-style\" ><div id=\"pgc-425-0-0\"  class=\"panel-grid-cell\" ><div id=\"panel-425-0-0-0\" class=\"so-panel widget widget_black-studio-tinymce widget_black_studio_tinymce panel-first-child panel-last-child\" data-index=\"0\" ><div class=\"textwidget\"><p><a href=\"http:\/\/www.menuisier-cholet.com\/wp-content\/uploads\/2015\/09\/ossature_alu_menuisier_cholet-017.jpg\"><img loading=\"lazy\" decoding=\"async\" class=\"alignnone size-medium wp-image-212\" src=\"http:\/\/www.menuisier-cholet.com\/wp-content\/uploads\/2015\/09\/ossature_alu_menuisier_cholet-017-300x225.jpg\" alt=\"\" width=\"300\" height=\"225\" srcset=\"https:\/\/www.menuisier-cholet.com\/wp-content\/uploads\/2015\/09\/ossature_alu_menuisier_cholet-017-300x225.jpg 300w, https:\/\/www.menuisier-cholet.com\/wp-content\/uploads\/2015\/09\/ossature_alu_menuisier_cholet-017-1024x768.jpg 1024w\" sizes=\"auto, (max-width: 300px) 100vw, 300px\" \/><\/a><\/p>\n<\/div><\/div><\/div><div id=\"pgc-425-0-1\"  class=\"panel-grid-cell\" ><div id=\"panel-425-0-1-0\" class=\"so-panel widget widget_black-studio-tinymce widget_black_studio_tinymce panel-first-child panel-last-child\" data-index=\"1\" ><h3 class=\"widget-title\">Pourquoi changer ses menuiseries<\/h3><div class=\"textwidget\"><p>Le remplacement des fen\u00eatres am\u00e9liore l'isolation thermique de la maison , les ouvertures repr\u00e9sentent de 10 \u00e0 15 % des d\u00e9perditions de chaleur .Il y a des \u00e9conomies de chauffage \u00e0 la cl\u00e9 et un confort accru .En outre la maison sera mieux prot\u00e9g\u00e9e des bruits ext\u00e9rieurs .<\/p>\n<p><span style=\"text-decoration: underline;\"><strong>Le choix des ouvertures :\u00a0<\/strong><\/span><br \/> Le mod\u00e8le battant ou \u00e0 la fran\u00e7aise\u00a0<br \/> Le syst\u00e8me oscillo-battant\u00a0<br \/> Les coulissants\u00a0<br \/> Le soufflet\u00a0<br \/> Le basculant\u00a0<\/p>\n<p> <strong><span style=\"text-decoration: underline;\">Le choix des mat\u00e9riaux :\u00a0<\/span><\/strong><br \/>Bois , aluminium , PVC , mixte bois\/aluminium ..... ils ont tous leurs avantages.\u00a0<br \/> - Le bois est tr\u00e8s performant thermiquement , il faut cependant l'entretenir r\u00e9guli\u00e8rement.\u00a0<br \/> - L'aluminium est inalt\u00e9rable , toutes les couleurs sont possibles .\u00a0<br \/> - Le PVC est \u00e9conomique et isolant , tr\u00e8s appr\u00e9ci\u00e9 en r\u00e9novation .\u00a0<br \/> - Les mixtes bois\/alu font partie du haut de gamme .\u00a0<\/p>\n<p> <span style=\"text-decoration: underline;\"><strong>Les performances :\u00a0<\/strong><\/span><br \/>- Le coefficient de transmission thermique UW s'exprime en W\/m\u00b2K . Traduit la capacit\u00e9 de la fen\u00eatre \u00e0 conserver la temp\u00e9rature int\u00e9rieure sans occultation .\u00a0<br \/> - Le facteur solaire SW devient tr\u00e8s important . Il est de 0 et 1. Plus il est haut , plus il transmet de la chaleur du soleil dans la maison .\u00a0<br \/> - La transmission lumineuse TlW est aussi comprise entre 0 et 1 , plus elle est haute , plus la lumi\u00e8re naturelle passe .\u00a0<\/p>\n<p> Il existe 2 types de poses :\u00a0<\/p>\n<p> - La r\u00e9novation , la plus courante , consiste \u00e0 placer l'encadrement neuf sur l'ancien .Sans d\u00e9gradation int\u00e9rieure et ext\u00e9rieure .\u00a0<br \/> - La d\u00e9pose totale , intervention plus long et exige de reprendre la d\u00e9coration de la contre cloison int\u00e9rieure .\u00a0<\/p>\n<p> Les Vitrages\u00a0<\/p>\n<p> - Le double vitrage 4\/16\/4 neuf ou r\u00e9novation , confort d'hiver , confort d'\u00e9t\u00e9\u00a0<br \/> - Le double vitrage 4\/14\/6 acoustique\u00a0<br \/> - Le double vitrage 4\/12\/44.2 retardataire d'effraction\u00a0<br \/> - Le triple vitrage particuli\u00e8rement destin\u00e9 aux b\u00e2timents basse consommation ou maison passives<\/p>\n<p><b><div style=\"padding-bottom:20px; padding-top:10px;\" class=\"hupso-share-buttons\"><!-- Hupso Share Buttons - https:\/\/www.hupso.com\/share\/ --><a class=\"hupso_toolbar\" href=\"https:\/\/www.hupso.com\/share\/\"><img decoding=\"async\" src=\"https:\/\/static.hupso.com\/share\/buttons\/lang\/fr\/share-medium.png\" style=\"border:0px; padding-top: 5px; float:left;\" alt=\"Share Button\"\/><\/a><script type=\"text\/javascript\">var hupso_services_t=new Array(\"Twitter\",\"Facebook\",\"Google Plus\",\"Email\",\"Print\");var hupso_background_t=\"#EAF4FF\";var hupso_border_t=\"#66CCFF\";var hupso_toolbar_size_t=\"medium\";var hupso_image_folder_url = \"\";var hupso_url_t=\"https:\/\/www.menuisier-cholet.com\/?page_id=425\";var hupso_title_t=\"Conseils fen\u00eatres\";<\/script><script type=\"text\/javascript\" src=\"https:\/\/static.hupso.com\/share\/js\/share_toolbar.js\"><\/script><!-- Hupso Share Buttons --><\/div><\/b><\/p>\n<\/div><\/div><\/div><\/div><\/div>","protected":false},"excerpt":{"rendered":"<p>Le remplacement des fen\u00eatres am\u00e9liore l&rsquo;isolation thermique de la maison , les ouvertures repr\u00e9sentent de 10 \u00e0 15 % des d\u00e9perditions de chaleur .Il y a des \u00e9conomies de chauffage \u00e0 la<a class=\"moretag\" href=\"https:\/\/www.menuisier-cholet.com\/?page_id=425\">Read More&#8230;<\/a><\/p>\n<div style=\"padding-bottom:20px; padding-top:10px;\" class=\"hupso-share-buttons\"><!-- Hupso Share Buttons - https:\/\/www.hupso.com\/share\/ --><a class=\"hupso_toolbar\" href=\"https:\/\/www.hupso.com\/share\/\"><img src=\"https:\/\/static.hupso.com\/share\/buttons\/lang\/fr\/share-medium.png\" style=\"border:0px; padding-top: 5px; float:left;\" alt=\"Share Button\"\/><\/a><script type=\"text\/javascript\">var hupso_services_t=new Array(\"Twitter\",\"Facebook\",\"Google Plus\",\"Email\",\"Print\");var hupso_background_t=\"#EAF4FF\";var hupso_border_t=\"#66CCFF\";var hupso_toolbar_size_t=\"medium\";var hupso_image_folder_url = \"\";var hupso_url_t=\"\";var hupso_title_t=\"Conseils%20fen%C3%AAtres\";<\/script><script type=\"text\/javascript\" src=\"https:\/\/static.hupso.com\/share\/js\/share_toolbar.js\"><\/script><!-- Hupso Share Buttons --><\/div>","protected":false},"author":1,"featured_media":0,"parent":413,"menu_order":0,"comment_status":"closed","ping_status":"closed","template":"","meta":{"footnotes":""},"class_list":["post-425","page","type-page","status-publish","hentry"],"yoast_head":"<!-- This site is optimized with the Yoast SEO plugin v27.3 - https:\/\/yoast.com\/product\/yoast-seo-wordpress\/ -->\n<title>Menuiserie Service 49 \u00e0 Cholet, Bruno Richou Artisan menuisier !<\/title>\n<meta name=\"description\" content=\"Bruno Richou, artisan menuisier \u00e0 Cholet vous apporte sa comp\u00e9tence dans les domaines suivants : Isolation \u00e9cologique, cloisons s\u00e8ches, plafond suspendus, stores, volets, bardages, agencements, menuiserie, porte, store, porte de garage, fen\u00eatres alu, bois et pvc\" \/>\n<meta name=\"robots\" content=\"index, follow, max-snippet:-1, max-image-preview:large, max-video-preview:-1\" \/>\n<link rel=\"canonical\" href=\"https:\/\/www.menuisier-cholet.com\/?page_id=425\" \/>\n<meta property=\"og:locale\" content=\"fr_FR\" \/>\n<meta property=\"og:type\" content=\"article\" \/>\n<meta property=\"og:title\" content=\"Menuiserie Service 49 \u00e0 Cholet, Bruno Richou Artisan menuisier !\" \/>\n<meta property=\"og:description\" content=\"Bruno Richou, artisan menuisier \u00e0 Cholet vous apporte sa comp\u00e9tence dans les domaines suivants : Isolation \u00e9cologique, cloisons s\u00e8ches, plafond suspendus, stores, volets, bardages, agencements, menuiserie, porte, store, porte de garage, fen\u00eatres alu, bois et pvc\" \/>\n<meta property=\"og:url\" content=\"https:\/\/www.menuisier-cholet.com\/?page_id=425\" \/>\n<meta property=\"og:site_name\" content=\"Menuiserie Service 49 \u00e0 Cholet\" \/>\n<meta property=\"article:modified_time\" content=\"2020-04-19T10:36:06+00:00\" \/>\n<meta property=\"og:image\" content=\"http:\/\/www.menuisier-cholet.com\/wp-content\/uploads\/2015\/09\/ossature_alu_menuisier_cholet-017-300x225.jpg\" \/>\n<meta name=\"twitter:card\" content=\"summary_large_image\" \/>\n<meta name=\"twitter:label1\" content=\"Dur\u00e9e de lecture estim\u00e9e\" \/>\n\t<meta name=\"twitter:data1\" content=\"2 minutes\" \/>\n<script type=\"application\/ld+json\" class=\"yoast-schema-graph\">{\"@context\":\"https:\\\/\\\/schema.org\",\"@graph\":[{\"@type\":\"WebPage\",\"@id\":\"https:\\\/\\\/www.menuisier-cholet.com\\\/?page_id=425\",\"url\":\"https:\\\/\\\/www.menuisier-cholet.com\\\/?page_id=425\",\"name\":\"Menuiserie Service 49 \u00e0 Cholet, Bruno Richou Artisan menuisier !\",\"isPartOf\":{\"@id\":\"https:\\\/\\\/www.menuisier-cholet.com\\\/#website\"},\"primaryImageOfPage\":{\"@id\":\"https:\\\/\\\/www.menuisier-cholet.com\\\/?page_id=425#primaryimage\"},\"image\":{\"@id\":\"https:\\\/\\\/www.menuisier-cholet.com\\\/?page_id=425#primaryimage\"},\"thumbnailUrl\":\"http:\\\/\\\/www.menuisier-cholet.com\\\/wp-content\\\/uploads\\\/2015\\\/09\\\/ossature_alu_menuisier_cholet-017-300x225.jpg\",\"datePublished\":\"2015-09-09T12:05:07+00:00\",\"dateModified\":\"2020-04-19T10:36:06+00:00\",\"description\":\"Bruno Richou, artisan menuisier \u00e0 Cholet vous apporte sa comp\u00e9tence dans les domaines suivants : Isolation \u00e9cologique, cloisons s\u00e8ches, plafond suspendus, stores, volets, bardages, agencements, menuiserie, porte, store, porte de garage, fen\u00eatres alu, bois et pvc\",\"breadcrumb\":{\"@id\":\"https:\\\/\\\/www.menuisier-cholet.com\\\/?page_id=425#breadcrumb\"},\"inLanguage\":\"fr-FR\",\"potentialAction\":[{\"@type\":\"ReadAction\",\"target\":[\"https:\\\/\\\/www.menuisier-cholet.com\\\/?page_id=425\"]}]},{\"@type\":\"ImageObject\",\"inLanguage\":\"fr-FR\",\"@id\":\"https:\\\/\\\/www.menuisier-cholet.com\\\/?page_id=425#primaryimage\",\"url\":\"http:\\\/\\\/www.menuisier-cholet.com\\\/wp-content\\\/uploads\\\/2015\\\/09\\\/ossature_alu_menuisier_cholet-017-300x225.jpg\",\"contentUrl\":\"http:\\\/\\\/www.menuisier-cholet.com\\\/wp-content\\\/uploads\\\/2015\\\/09\\\/ossature_alu_menuisier_cholet-017-300x225.jpg\"},{\"@type\":\"BreadcrumbList\",\"@id\":\"https:\\\/\\\/www.menuisier-cholet.com\\\/?page_id=425#breadcrumb\",\"itemListElement\":[{\"@type\":\"ListItem\",\"position\":1,\"name\":\"Accueil\",\"item\":\"https:\\\/\\\/www.menuisier-cholet.com\\\/\"},{\"@type\":\"ListItem\",\"position\":2,\"name\":\"Conseils\",\"item\":\"https:\\\/\\\/www.menuisier-cholet.com\\\/?page_id=413\"},{\"@type\":\"ListItem\",\"position\":3,\"name\":\"Conseils fen\u00eatres\"}]},{\"@type\":\"WebSite\",\"@id\":\"https:\\\/\\\/www.menuisier-cholet.com\\\/#website\",\"url\":\"https:\\\/\\\/www.menuisier-cholet.com\\\/\",\"name\":\"Menuiserie Service 49 \u00e0 Cholet\",\"description\":\"Bruno Richou, artisan menuisier \u00e0 Cholet vous apporte sa comp\u00e9tence dans les domaines suivants : Isolation \u00e9cologique, cloisons s\u00e8ches, plafond suspendus, stores, volets, bardages, agencements, menuiserie, porte, store, porte de garage, fen\u00eatres alu, bois et pvc\",\"potentialAction\":[{\"@type\":\"SearchAction\",\"target\":{\"@type\":\"EntryPoint\",\"urlTemplate\":\"https:\\\/\\\/www.menuisier-cholet.com\\\/?s={search_term_string}\"},\"query-input\":{\"@type\":\"PropertyValueSpecification\",\"valueRequired\":true,\"valueName\":\"search_term_string\"}}],\"inLanguage\":\"fr-FR\"}]}<\/script>\n<!-- \/ Yoast SEO plugin. -->","yoast_head_json":{"title":"Menuiserie Service 49 \u00e0 Cholet, Bruno Richou Artisan menuisier !","description":"Bruno Richou, artisan menuisier \u00e0 Cholet vous apporte sa comp\u00e9tence dans les domaines suivants : Isolation \u00e9cologique, cloisons s\u00e8ches, plafond suspendus, stores, volets, bardages, agencements, menuiserie, porte, store, porte de garage, fen\u00eatres alu, bois et pvc","robots":{"index":"index","follow":"follow","max-snippet":"max-snippet:-1","max-image-preview":"max-image-preview:large","max-video-preview":"max-video-preview:-1"},"canonical":"https:\/\/www.menuisier-cholet.com\/?page_id=425","og_locale":"fr_FR","og_type":"article","og_title":"Menuiserie Service 49 \u00e0 Cholet, Bruno Richou Artisan menuisier !","og_description":"Bruno Richou, artisan menuisier \u00e0 Cholet vous apporte sa comp\u00e9tence dans les domaines suivants : Isolation \u00e9cologique, cloisons s\u00e8ches, plafond suspendus, stores, volets, bardages, agencements, menuiserie, porte, store, porte de garage, fen\u00eatres alu, bois et pvc","og_url":"https:\/\/www.menuisier-cholet.com\/?page_id=425","og_site_name":"Menuiserie Service 49 \u00e0 Cholet","article_modified_time":"2020-04-19T10:36:06+00:00","og_image":[{"url":"http:\/\/www.menuisier-cholet.com\/wp-content\/uploads\/2015\/09\/ossature_alu_menuisier_cholet-017-300x225.jpg","type":"","width":"","height":""}],"twitter_card":"summary_large_image","twitter_misc":{"Dur\u00e9e de lecture estim\u00e9e":"2 minutes"},"schema":{"@context":"https:\/\/schema.org","@graph":[{"@type":"WebPage","@id":"https:\/\/www.menuisier-cholet.com\/?page_id=425","url":"https:\/\/www.menuisier-cholet.com\/?page_id=425","name":"Menuiserie Service 49 \u00e0 Cholet, Bruno Richou Artisan menuisier !","isPartOf":{"@id":"https:\/\/www.menuisier-cholet.com\/#website"},"primaryImageOfPage":{"@id":"https:\/\/www.menuisier-cholet.com\/?page_id=425#primaryimage"},"image":{"@id":"https:\/\/www.menuisier-cholet.com\/?page_id=425#primaryimage"},"thumbnailUrl":"http:\/\/www.menuisier-cholet.com\/wp-content\/uploads\/2015\/09\/ossature_alu_menuisier_cholet-017-300x225.jpg","datePublished":"2015-09-09T12:05:07+00:00","dateModified":"2020-04-19T10:36:06+00:00","description":"Bruno Richou, artisan menuisier \u00e0 Cholet vous apporte sa comp\u00e9tence dans les domaines suivants : Isolation \u00e9cologique, cloisons s\u00e8ches, plafond suspendus, stores, volets, bardages, agencements, menuiserie, porte, store, porte de garage, fen\u00eatres alu, bois et pvc","breadcrumb":{"@id":"https:\/\/www.menuisier-cholet.com\/?page_id=425#breadcrumb"},"inLanguage":"fr-FR","potentialAction":[{"@type":"ReadAction","target":["https:\/\/www.menuisier-cholet.com\/?page_id=425"]}]},{"@type":"ImageObject","inLanguage":"fr-FR","@id":"https:\/\/www.menuisier-cholet.com\/?page_id=425#primaryimage","url":"http:\/\/www.menuisier-cholet.com\/wp-content\/uploads\/2015\/09\/ossature_alu_menuisier_cholet-017-300x225.jpg","contentUrl":"http:\/\/www.menuisier-cholet.com\/wp-content\/uploads\/2015\/09\/ossature_alu_menuisier_cholet-017-300x225.jpg"},{"@type":"BreadcrumbList","@id":"https:\/\/www.menuisier-cholet.com\/?page_id=425#breadcrumb","itemListElement":[{"@type":"ListItem","position":1,"name":"Accueil","item":"https:\/\/www.menuisier-cholet.com\/"},{"@type":"ListItem","position":2,"name":"Conseils","item":"https:\/\/www.menuisier-cholet.com\/?page_id=413"},{"@type":"ListItem","position":3,"name":"Conseils fen\u00eatres"}]},{"@type":"WebSite","@id":"https:\/\/www.menuisier-cholet.com\/#website","url":"https:\/\/www.menuisier-cholet.com\/","name":"Menuiserie Service 49 \u00e0 Cholet","description":"Bruno Richou, artisan menuisier \u00e0 Cholet vous apporte sa comp\u00e9tence dans les domaines suivants : Isolation \u00e9cologique, cloisons s\u00e8ches, plafond suspendus, stores, volets, bardages, agencements, menuiserie, porte, store, porte de garage, fen\u00eatres alu, bois et pvc","potentialAction":[{"@type":"SearchAction","target":{"@type":"EntryPoint","urlTemplate":"https:\/\/www.menuisier-cholet.com\/?s={search_term_string}"},"query-input":{"@type":"PropertyValueSpecification","valueRequired":true,"valueName":"search_term_string"}}],"inLanguage":"fr-FR"}]}},"_links":{"self":[{"href":"https:\/\/www.menuisier-cholet.com\/index.php?rest_route=\/wp\/v2\/pages\/425","targetHints":{"allow":["GET"]}}],"collection":[{"href":"https:\/\/www.menuisier-cholet.com\/index.php?rest_route=\/wp\/v2\/pages"}],"about":[{"href":"https:\/\/www.menuisier-cholet.com\/index.php?rest_route=\/wp\/v2\/types\/page"}],"author":[{"embeddable":true,"href":"https:\/\/www.menuisier-cholet.com\/index.php?rest_route=\/wp\/v2\/users\/1"}],"replies":[{"embeddable":true,"href":"https:\/\/www.menuisier-cholet.com\/index.php?rest_route=%2Fwp%2Fv2%2Fcomments&post=425"}],"version-history":[{"count":0,"href":"https:\/\/www.menuisier-cholet.com\/index.php?rest_route=\/wp\/v2\/pages\/425\/revisions"}],"up":[{"embeddable":true,"href":"https:\/\/www.menuisier-cholet.com\/index.php?rest_route=\/wp\/v2\/pages\/413"}],"wp:attachment":[{"href":"https:\/\/www.menuisier-cholet.com\/index.php?rest_route=%2Fwp%2Fv2%2Fmedia&parent=425"}],"curies":[{"name":"wp","href":"https:\/\/api.w.org\/{rel}","templated":true}]}}