{"id":45,"date":"2015-08-28T17:28:28","date_gmt":"2015-08-28T16:28:28","guid":{"rendered":"http:\/\/menuisier-cholet.com\/?page_id=45"},"modified":"2020-01-09T09:12:06","modified_gmt":"2020-01-09T08:12:06","slug":"qui-suis-je","status":"publish","type":"page","link":"https:\/\/www.menuisier-cholet.com\/?page_id=45","title":{"rendered":"Qui suis-je ?"},"content":{"rendered":"<div id=\"pl-45\"  class=\"panel-layout\" ><div id=\"pg-45-0\"  class=\"panel-grid panel-no-style\" ><div id=\"pgc-45-0-0\"  class=\"panel-grid-cell\" ><div id=\"panel-45-0-0-0\" class=\"so-panel widget widget_black-studio-tinymce widget_black_studio_tinymce panel-first-child panel-last-child\" data-index=\"0\" ><div class=\"textwidget\"><p><a href=\"http:\/\/menuisier-cholet.com\/wp-content\/uploads\/2015\/09\/B.Richou-Menuisier\u00a9M.Mitschk\u00e9-02.jpg\"><img loading=\"lazy\" decoding=\"async\" class=\"alignnone wp-image-70 size-large\" src=\"http:\/\/menuisier-cholet.com\/wp-content\/uploads\/2015\/09\/B.Richou-Menuisier\u00a9M.Mitschk\u00e9-02-1024x684.jpg\" alt=\"B.Richou-Menuisier\u00a9M.Mitschk\u00e9-02\" width=\"604\" height=\"403\" srcset=\"https:\/\/www.menuisier-cholet.com\/wp-content\/uploads\/2015\/09\/B.Richou-Menuisier\u00a9M.Mitschk\u00e9-02-1024x684.jpg 1024w, https:\/\/www.menuisier-cholet.com\/wp-content\/uploads\/2015\/09\/B.Richou-Menuisier\u00a9M.Mitschk\u00e9-02-300x200.jpg 300w, https:\/\/www.menuisier-cholet.com\/wp-content\/uploads\/2015\/09\/B.Richou-Menuisier\u00a9M.Mitschk\u00e9-02-272x182.jpg 272w, https:\/\/www.menuisier-cholet.com\/wp-content\/uploads\/2015\/09\/B.Richou-Menuisier\u00a9M.Mitschk\u00e9-02.jpg 1920w\" sizes=\"auto, (max-width: 604px) 100vw, 604px\" \/><\/a><\/p>\n<\/div><\/div><\/div><div id=\"pgc-45-0-1\"  class=\"panel-grid-cell\" ><div id=\"panel-45-0-1-0\" class=\"so-panel widget widget_black-studio-tinymce widget_black_studio_tinymce panel-first-child panel-last-child\" data-index=\"1\" ><h3 class=\"widget-title\">Bruno Richou, qui suis-je ?<\/h3><div class=\"textwidget\"><p><strong>Menuiserie Service 49 est n\u00e9e le 5 Juillet 2000. Bruno , artisan amoureux d'un travail soign\u00e9 s'est rapidement fait conna\u00eetre aupr\u00e8s d'enseignes connues comme H\u00e9misph\u00e8re Sud, Point P ou les \u00e9tablissement Bougeois D\u00e9coration.\u00a0<\/strong><br \/>\nTravaillant aussi bien pour les entreprises que pour les particuliers, ses domaines d'activit\u00e9s se sont rapidement \u00e9toff\u00e9s pour aujourd\"hui couvrir les domaines suivants :<br \/>\nLes menuiseries Alu, Bois et PVC<br \/>\nLes fen\u00eatres de toit (Ardoises, Tuiles)<br \/>\nLes portes de garage (Lat\u00e9rale, sectionnelle, basculante, enroulable)<br \/>\nLes volets roulants et battants<br \/>\nLes stores int\u00e9rieurs et ext\u00e9rieurs<br \/>\nLes portes int\u00e9rieures<br \/>\nLambris et parquets<br \/>\nAm\u00e9nagement de dressing, fa\u00e7ade coulissante<br \/>\nCloisons s\u00e8ches<br \/>\nIsolation des combles Ouate de cellulose<br \/>\nIsolation ext\u00e9rieure, bardage \u00e0 clins<br \/>\nPlafonds suspendus<\/p>\n<p>A votre \u00e9coute pour mieux vous servir, mon devoir votre satisfaction fait ma r\u00e9putation !<\/p>\n<p>&nbsp;<\/p>\n<p>M\u00e9diateur :<\/p>\n<p>ATLANTIQUE MEDIATION CONSO<\/p>\n<p>Maison de l'Avocat \u2013 5 mail du Front Populaire - 44200 NANTES <a href=\"https:\/\/click.mlsend.com\/link\/c\/YT0xMzI5MDA2ODI3MjExMzI3MTA5JmM9bThxOCZlPTM1MTYmYj0zMDc3NDQyMDYmZD1sM28wdjJj.ElU_DmNgkqw4AHB5lwV75WNJP0ch_1vfn7SxB5GxeD0\" target=\"_blank\" rel=\"noopener\" data-link-id=\"307744206\">www.consommation.atlantique-mediation.org<\/a><\/p>\n<p><a href=\"mailto:consommation@atlantique-mediation.org\" target=\"_blank\" rel=\"noopener\">consommation@atlantique-mediation.org<\/a><\/p>\n<p>&nbsp;<\/p>\n<\/div><\/div><\/div><\/div><\/div>","protected":false},"excerpt":{"rendered":"<p>Menuiserie Service 49 est n\u00e9e le 5 Juillet 2000. Bruno , artisan amoureux d&rsquo;un travail soign\u00e9 s&rsquo;est rapidement fait conna\u00eetre aupr\u00e8s d&rsquo;enseignes connues comme H\u00e9misph\u00e8re Sud, Point P ou les \u00e9tablissement Bougeois<a class=\"moretag\" href=\"https:\/\/www.menuisier-cholet.com\/?page_id=45\">Read More&#8230;<\/a><\/p>\n<div style=\"padding-bottom:20px; padding-top:10px;\" class=\"hupso-share-buttons\"><!-- Hupso Share Buttons - https:\/\/www.hupso.com\/share\/ --><a class=\"hupso_toolbar\" href=\"https:\/\/www.hupso.com\/share\/\"><img src=\"https:\/\/static.hupso.com\/share\/buttons\/lang\/fr\/share-medium.png\" style=\"border:0px; padding-top: 5px; float:left;\" alt=\"Share Button\"\/><\/a><script type=\"text\/javascript\">var hupso_services_t=new Array(\"Twitter\",\"Facebook\",\"Google Plus\",\"Email\",\"Print\");var hupso_background_t=\"#EAF4FF\";var hupso_border_t=\"#66CCFF\";var hupso_toolbar_size_t=\"medium\";var hupso_image_folder_url = \"\";var hupso_url_t=\"\";var hupso_title_t=\"Qui%20suis-je%20%3F\";<\/script><script type=\"text\/javascript\" src=\"https:\/\/static.hupso.com\/share\/js\/share_toolbar.js\"><\/script><!-- Hupso Share Buttons --><\/div>","protected":false},"author":1,"featured_media":0,"parent":0,"menu_order":0,"comment_status":"closed","ping_status":"closed","template":"","meta":{"footnotes":""},"class_list":["post-45","page","type-page","status-publish","hentry"],"yoast_head":"<!-- This site is optimized with the Yoast SEO plugin v27.4 - https:\/\/yoast.com\/product\/yoast-seo-wordpress\/ -->\n<title>Menuiserie Service 49 \u00e0 Cholet, Bruno Richou Artisan menuisier !<\/title>\n<meta name=\"description\" content=\"Bruno Richou, artisan menuisier \u00e0 Cholet vous apporte sa comp\u00e9tence dans les domaines suivants : Isolation \u00e9cologique, cloisons s\u00e8ches, plafond suspendus, stores, volets, bardages, agencements, menuiserie, porte, store, porte de garage, fen\u00eatres alu, bois et pvc\" \/>\n<meta name=\"robots\" content=\"index, follow, max-snippet:-1, max-image-preview:large, max-video-preview:-1\" \/>\n<link rel=\"canonical\" href=\"https:\/\/www.menuisier-cholet.com\/?page_id=45\" \/>\n<meta property=\"og:locale\" content=\"fr_FR\" \/>\n<meta property=\"og:type\" content=\"article\" \/>\n<meta property=\"og:title\" content=\"Menuiserie Service 49 \u00e0 Cholet, Bruno Richou Artisan menuisier !\" \/>\n<meta property=\"og:description\" content=\"Bruno Richou, artisan menuisier \u00e0 Cholet vous apporte sa comp\u00e9tence dans les domaines suivants : Isolation \u00e9cologique, cloisons s\u00e8ches, plafond suspendus, stores, volets, bardages, agencements, menuiserie, porte, store, porte de garage, fen\u00eatres alu, bois et pvc\" \/>\n<meta property=\"og:url\" content=\"https:\/\/www.menuisier-cholet.com\/?page_id=45\" \/>\n<meta property=\"og:site_name\" content=\"Menuiserie Service 49 \u00e0 Cholet\" \/>\n<meta property=\"article:modified_time\" content=\"2020-01-09T08:12:06+00:00\" \/>\n<meta name=\"twitter:card\" content=\"summary_large_image\" \/>\n<meta name=\"twitter:label1\" content=\"Dur\u00e9e de lecture estim\u00e9e\" \/>\n\t<meta name=\"twitter:data1\" content=\"1 minute\" \/>\n<script type=\"application\/ld+json\" class=\"yoast-schema-graph\">{\"@context\":\"https:\\\/\\\/schema.org\",\"@graph\":[{\"@type\":\"WebPage\",\"@id\":\"https:\\\/\\\/www.menuisier-cholet.com\\\/?page_id=45\",\"url\":\"https:\\\/\\\/www.menuisier-cholet.com\\\/?page_id=45\",\"name\":\"Menuiserie Service 49 \u00e0 Cholet, Bruno Richou Artisan menuisier !\",\"isPartOf\":{\"@id\":\"https:\\\/\\\/www.menuisier-cholet.com\\\/#website\"},\"datePublished\":\"2015-08-28T16:28:28+00:00\",\"dateModified\":\"2020-01-09T08:12:06+00:00\",\"description\":\"Bruno Richou, artisan menuisier \u00e0 Cholet vous apporte sa comp\u00e9tence dans les domaines suivants : Isolation \u00e9cologique, cloisons s\u00e8ches, plafond suspendus, stores, volets, bardages, agencements, menuiserie, porte, store, porte de garage, fen\u00eatres alu, bois et pvc\",\"breadcrumb\":{\"@id\":\"https:\\\/\\\/www.menuisier-cholet.com\\\/?page_id=45#breadcrumb\"},\"inLanguage\":\"fr-FR\",\"potentialAction\":[{\"@type\":\"ReadAction\",\"target\":[\"https:\\\/\\\/www.menuisier-cholet.com\\\/?page_id=45\"]}]},{\"@type\":\"BreadcrumbList\",\"@id\":\"https:\\\/\\\/www.menuisier-cholet.com\\\/?page_id=45#breadcrumb\",\"itemListElement\":[{\"@type\":\"ListItem\",\"position\":1,\"name\":\"Accueil\",\"item\":\"https:\\\/\\\/www.menuisier-cholet.com\\\/\"},{\"@type\":\"ListItem\",\"position\":2,\"name\":\"Qui suis-je ?\"}]},{\"@type\":\"WebSite\",\"@id\":\"https:\\\/\\\/www.menuisier-cholet.com\\\/#website\",\"url\":\"https:\\\/\\\/www.menuisier-cholet.com\\\/\",\"name\":\"Menuiserie Service 49 \u00e0 Cholet\",\"description\":\"Bruno Richou, artisan menuisier \u00e0 Cholet vous apporte sa comp\u00e9tence dans les domaines suivants : Isolation \u00e9cologique, cloisons s\u00e8ches, plafond suspendus, stores, volets, bardages, agencements, menuiserie, porte, store, porte de garage, fen\u00eatres alu, bois et pvc\",\"potentialAction\":[{\"@type\":\"SearchAction\",\"target\":{\"@type\":\"EntryPoint\",\"urlTemplate\":\"https:\\\/\\\/www.menuisier-cholet.com\\\/?s={search_term_string}\"},\"query-input\":{\"@type\":\"PropertyValueSpecification\",\"valueRequired\":true,\"valueName\":\"search_term_string\"}}],\"inLanguage\":\"fr-FR\"}]}<\/script>\n<!-- \/ Yoast SEO plugin. -->","yoast_head_json":{"title":"Menuiserie Service 49 \u00e0 Cholet, Bruno Richou Artisan menuisier !","description":"Bruno Richou, artisan menuisier \u00e0 Cholet vous apporte sa comp\u00e9tence dans les domaines suivants : Isolation \u00e9cologique, cloisons s\u00e8ches, plafond suspendus, stores, volets, bardages, agencements, menuiserie, porte, store, porte de garage, fen\u00eatres alu, bois et pvc","robots":{"index":"index","follow":"follow","max-snippet":"max-snippet:-1","max-image-preview":"max-image-preview:large","max-video-preview":"max-video-preview:-1"},"canonical":"https:\/\/www.menuisier-cholet.com\/?page_id=45","og_locale":"fr_FR","og_type":"article","og_title":"Menuiserie Service 49 \u00e0 Cholet, Bruno Richou Artisan menuisier !","og_description":"Bruno Richou, artisan menuisier \u00e0 Cholet vous apporte sa comp\u00e9tence dans les domaines suivants : Isolation \u00e9cologique, cloisons s\u00e8ches, plafond suspendus, stores, volets, bardages, agencements, menuiserie, porte, store, porte de garage, fen\u00eatres alu, bois et pvc","og_url":"https:\/\/www.menuisier-cholet.com\/?page_id=45","og_site_name":"Menuiserie Service 49 \u00e0 Cholet","article_modified_time":"2020-01-09T08:12:06+00:00","twitter_card":"summary_large_image","twitter_misc":{"Dur\u00e9e de lecture estim\u00e9e":"1 minute"},"schema":{"@context":"https:\/\/schema.org","@graph":[{"@type":"WebPage","@id":"https:\/\/www.menuisier-cholet.com\/?page_id=45","url":"https:\/\/www.menuisier-cholet.com\/?page_id=45","name":"Menuiserie Service 49 \u00e0 Cholet, Bruno Richou Artisan menuisier !","isPartOf":{"@id":"https:\/\/www.menuisier-cholet.com\/#website"},"datePublished":"2015-08-28T16:28:28+00:00","dateModified":"2020-01-09T08:12:06+00:00","description":"Bruno Richou, artisan menuisier \u00e0 Cholet vous apporte sa comp\u00e9tence dans les domaines suivants : Isolation \u00e9cologique, cloisons s\u00e8ches, plafond suspendus, stores, volets, bardages, agencements, menuiserie, porte, store, porte de garage, fen\u00eatres alu, bois et pvc","breadcrumb":{"@id":"https:\/\/www.menuisier-cholet.com\/?page_id=45#breadcrumb"},"inLanguage":"fr-FR","potentialAction":[{"@type":"ReadAction","target":["https:\/\/www.menuisier-cholet.com\/?page_id=45"]}]},{"@type":"BreadcrumbList","@id":"https:\/\/www.menuisier-cholet.com\/?page_id=45#breadcrumb","itemListElement":[{"@type":"ListItem","position":1,"name":"Accueil","item":"https:\/\/www.menuisier-cholet.com\/"},{"@type":"ListItem","position":2,"name":"Qui suis-je ?"}]},{"@type":"WebSite","@id":"https:\/\/www.menuisier-cholet.com\/#website","url":"https:\/\/www.menuisier-cholet.com\/","name":"Menuiserie Service 49 \u00e0 Cholet","description":"Bruno Richou, artisan menuisier \u00e0 Cholet vous apporte sa comp\u00e9tence dans les domaines suivants : Isolation \u00e9cologique, cloisons s\u00e8ches, plafond suspendus, stores, volets, bardages, agencements, menuiserie, porte, store, porte de garage, fen\u00eatres alu, bois et pvc","potentialAction":[{"@type":"SearchAction","target":{"@type":"EntryPoint","urlTemplate":"https:\/\/www.menuisier-cholet.com\/?s={search_term_string}"},"query-input":{"@type":"PropertyValueSpecification","valueRequired":true,"valueName":"search_term_string"}}],"inLanguage":"fr-FR"}]}},"_links":{"self":[{"href":"https:\/\/www.menuisier-cholet.com\/index.php?rest_route=\/wp\/v2\/pages\/45","targetHints":{"allow":["GET"]}}],"collection":[{"href":"https:\/\/www.menuisier-cholet.com\/index.php?rest_route=\/wp\/v2\/pages"}],"about":[{"href":"https:\/\/www.menuisier-cholet.com\/index.php?rest_route=\/wp\/v2\/types\/page"}],"author":[{"embeddable":true,"href":"https:\/\/www.menuisier-cholet.com\/index.php?rest_route=\/wp\/v2\/users\/1"}],"replies":[{"embeddable":true,"href":"https:\/\/www.menuisier-cholet.com\/index.php?rest_route=%2Fwp%2Fv2%2Fcomments&post=45"}],"version-history":[{"count":0,"href":"https:\/\/www.menuisier-cholet.com\/index.php?rest_route=\/wp\/v2\/pages\/45\/revisions"}],"wp:attachment":[{"href":"https:\/\/www.menuisier-cholet.com\/index.php?rest_route=%2Fwp%2Fv2%2Fmedia&parent=45"}],"curies":[{"name":"wp","href":"https:\/\/api.w.org\/{rel}","templated":true}]}}